        {"id":715,"date":"2023-06-01T14:39:22","date_gmt":"2023-06-01T14:39:22","guid":{"rendered":"https:\/\/grupodunavich.com.ar\/?page_id=715"},"modified":"2024-06-20T19:31:08","modified_gmt":"2024-06-20T19:31:08","slug":"todos-los-trabajos","status":"publish","type":"page","link":"https:\/\/grupodunavich.com.ar\/?page_id=715","title":{"rendered":"Trabajos realizados."},"content":{"rendered":"\n<p class=\"has-text-align-center\" style=\"font-size:23px;line-height:1.3\">Galer\u00eda de Im\u00e1genes de nuestros trabajos realizados.<\/p>\n\n\n\n<p class=\"has-text-align-center\" style=\"font-size:21px;line-height:0\">IMPRESIONES<\/p>\n\n\n<ul class=\"sticky-buttons -right-center -circle -medium -space\" id=\"sticky-buttons-1\"><li><a href=\"https:\/\/grupodunavich.com.ar\/\" ><span class=\"sb-icon fas fa-hand-point-up\"><\/span><span class=\"sb-label\">Inicio<\/span><\/a><\/li><li><a href=\"https:\/\/grupodunavich.com.ar\/?page_id=112\" ><span class=\"sb-icon fas fa-address-card\"><\/span><span class=\"sb-label\">Quienes somos<\/span><\/a><\/li><li><a href=\"https:\/\/grupodunavich.com.ar\/?page_id=232\" ><span class=\"sb-icon fas fa-dice-d20\"><\/span><span class=\"sb-label\">Aborigen - Agua, Hielo.<\/span><\/a><\/li><li><a href=\"https:\/\/grupodunavich.com.ar\/?page_id=895\" ><span class=\"sb-icon fas fa-dice-d6\"><\/span><span class=\"sb-label\">Productora de Hielo<\/span><\/a><\/li><li><a href=\"https:\/\/grupodunavich.com.ar\/?page_id=331\" ><span class=\"sb-icon fab fa-deskpro\"><\/span><span class=\"sb-label\">Darx - Impresi\u00f3n y Dise\u00f1o<\/span><\/a><\/li><li><a href=\"https:\/\/grupodunavich.com.ar\/?page_id=342\" ><span class=\"sb-icon fas fa-tv\"><\/span><span class=\"sb-label\">GD - Pantalla Publicitaria<\/span><\/a><\/li><\/ul>\n\n\n\n<figure class=\"wp-block-video aligncenter\" style=\"margin-top:0px;margin-right:0px;margin-bottom:0px;margin-left:0px;padding-top:52px;padding-right:52px;padding-bottom:52px;padding-left:52px\"><video autoplay controls loop src=\"https:\/\/grupodunavich.com.ar\/wp-content\/uploads\/2023\/06\/WhatsApp-Video-2023-06-01-at-11.53.55-AM.mp4\"><\/video><\/figure>\n\n\n\n<p class=\"has-text-align-center\" style=\"font-size:23px\">F\u00e1brica de Hielos<\/p>\n\n\n<div id=\"slider_69fb2dce56713\" class=\"slider_instance\" style=\"position: relative;\" data-options=\"{&quot;id&quot;:6,&quot;name&quot;:&quot;slider 68&quot;,&quot;instanceName&quot;:&quot;TEMPLATE - Video Gallery with Horizontal Thumbnails&quot;,&quot;date&quot;:&quot;2023-06-01 14:47:13&quot;,&quot;status&quot;:&quot;published&quot;,&quot;slides&quot;:[{&quot;src&quot;:&quot;http:\\\/\\\/grupodunavich.com.ar\\\/wp-content\\\/uploads\\\/2023\\\/06\\\/WhatsApp-Video-2023-05-30-at-3.17.19-PM.mp4&quot;,&quot;thumbSrc&quot;:&quot;http:\\\/\\\/grupodunavich.com.ar\\\/wp-content\\\/uploads\\\/transition-slider\\\/slider_6\\\/thumbnails\\\/video-gallery-slider-with-horizontal-thumbnails1-thumb.jpg&quot;,&quot;transitionEffect&quot;:&quot;line&quot;,&quot;transitionDuration&quot;:1700,&quot;urlTarget&quot;:&quot;_self&quot;,&quot;direction&quot;:&quot;left1&quot;},{&quot;src&quot;:&quot;http:\\\/\\\/grupodunavich.com.ar\\\/wp-content\\\/uploads\\\/2023\\\/06\\\/WhatsApp-Image-2023-05-30-at-3.17.13-PM-1.jpeg&quot;,&quot;thumbSrc&quot;:&quot;http:\\\/\\\/grupodunavich.com.ar\\\/wp-content\\\/uploads\\\/2023\\\/06\\\/WhatsApp-Image-2023-05-30-at-3.17.13-PM-1-300x135.jpeg&quot;,&quot;transitionEffect&quot;:&quot;stretch&quot;,&quot;transitionDuration&quot;:1700,&quot;urlTarget&quot;:&quot;_self&quot;,&quot;direction&quot;:&quot;left&quot;},{&quot;src&quot;:&quot;http:\\\/\\\/grupodunavich.com.ar\\\/wp-content\\\/uploads\\\/2023\\\/06\\\/WhatsApp-Image-2023-05-30-at-3.17.13-PM-2.jpeg&quot;,&quot;thumbSrc&quot;:&quot;http:\\\/\\\/grupodunavich.com.ar\\\/wp-content\\\/uploads\\\/2023\\\/06\\\/WhatsApp-Image-2023-05-30-at-3.17.13-PM-2-300x135.jpeg&quot;,&quot;transitionEffect&quot;:&quot;warp&quot;,&quot;transitionDuration&quot;:1700,&quot;urlTarget&quot;:&quot;_self&quot;,&quot;direction&quot;:&quot;left&quot;},{&quot;src&quot;:&quot;http:\\\/\\\/grupodunavich.com.ar\\\/wp-content\\\/uploads\\\/2023\\\/06\\\/IMG_20230516_085623188-scaled.jpg&quot;,&quot;thumbSrc&quot;:&quot;http:\\\/\\\/grupodunavich.com.ar\\\/wp-content\\\/uploads\\\/2023\\\/06\\\/IMG_20230516_085623188-300x169.jpg&quot;,&quot;transitionEffect&quot;:&quot;zoom&quot;,&quot;transitionDuration&quot;:1700,&quot;urlTarget&quot;:&quot;_self&quot;,&quot;direction&quot;:&quot;in&quot;},{&quot;src&quot;:&quot;http:\\\/\\\/grupodunavich.com.ar\\\/wp-content\\\/uploads\\\/2023\\\/05\\\/IMG_20230516_091729163-scaled.jpg&quot;,&quot;thumbSrc&quot;:&quot;http:\\\/\\\/grupodunavich.com.ar\\\/wp-content\\\/uploads\\\/2023\\\/05\\\/IMG_20230516_091729163-300x169.jpg&quot;,&quot;transitionEffect&quot;:&quot;slide&quot;,&quot;transitionDuration&quot;:1700,&quot;urlTarget&quot;:&quot;_self&quot;,&quot;direction&quot;:&quot;left&quot;},{&quot;src&quot;:&quot;http:\\\/\\\/grupodunavich.com.ar\\\/wp-content\\\/uploads\\\/2023\\\/05\\\/IMG_20230320_093130144-scaled.jpg&quot;,&quot;thumbSrc&quot;:&quot;http:\\\/\\\/grupodunavich.com.ar\\\/wp-content\\\/uploads\\\/2023\\\/05\\\/IMG_20230320_093130144-226x300.jpg&quot;,&quot;transitionEffect&quot;:&quot;twirl&quot;,&quot;transitionDuration&quot;:1700,&quot;urlTarget&quot;:&quot;_self&quot;,&quot;direction&quot;:&quot;left&quot;},{&quot;src&quot;:&quot;http:\\\/\\\/grupodunavich.com.ar\\\/wp-content\\\/uploads\\\/2023\\\/05\\\/IMG-20230514-WA0072-1.jpg&quot;,&quot;thumbSrc&quot;:&quot;http:\\\/\\\/grupodunavich.com.ar\\\/wp-content\\\/uploads\\\/2023\\\/05\\\/IMG-20230514-WA0072-1-135x300.jpg&quot;,&quot;transitionEffect&quot;:&quot;fade&quot;,&quot;transitionDuration&quot;:1700,&quot;urlTarget&quot;:&quot;_self&quot;},{&quot;src&quot;:&quot;http:\\\/\\\/grupodunavich.com.ar\\\/wp-content\\\/uploads\\\/2023\\\/06\\\/WhatsApp-Video-2023-05-14-at-7.12.17-PM.mp4&quot;,&quot;transitionEffect&quot;:&quot;powerzoom&quot;,&quot;direction&quot;:&quot;in&quot;,&quot;distance&quot;:5}],&quot;initialSlide&quot;:0,&quot;hashNavigation&quot;:{&quot;enable&quot;:false},&quot;width&quot;:688,&quot;height&quot;:500,&quot;fullscreen&quot;:false,&quot;ratio&quot;:2,&quot;ratioTablet&quot;:2,&quot;ratioMobile&quot;:0.9,&quot;buttons&quot;:{&quot;pauseVisible&quot;:1,&quot;muteVisible&quot;:false,&quot;startVideoMuted&quot;:true},&quot;loading&quot;:{&quot;textColor&quot;:&quot;#eeb952&quot;,&quot;fadeEffect&quot;:1,&quot;color&quot;:&quot;#FFFFFF&quot;,&quot;style&quot;:&quot;style2&quot;,&quot;backgroundColor&quot;:&quot;#131313&quot;},&quot;autoplay&quot;:{&quot;enable&quot;:true,&quot;delay&quot;:&quot;7000&quot;,&quot;progress&quot;:true,&quot;pauseOnHover&quot;:false,&quot;reverseDirection&quot;:false},&quot;responsive&quot;:false,&quot;navigation&quot;:{&quot;style&quot;:&quot;effect1&quot;,&quot;enable&quot;:true,&quot;color&quot;:&quot;#E0E0E0&quot;},&quot;pagination&quot;:{&quot;enable&quot;:true,&quot;style&quot;:&quot;effect2&quot;,&quot;clickable&quot;:true,&quot;dynamicBullets&quot;:false},&quot;stopOnLastSlide&quot;:0,&quot;grabCursor&quot;:true,&quot;tabletSize&quot;:1024,&quot;mobileSize&quot;:768,&quot;keyboard&quot;:{&quot;enable&quot;:true},&quot;wheelNavigation&quot;:{&quot;enable&quot;:false,&quot;stopOnLast&quot;:false,&quot;interval&quot;:2000},&quot;lightbox&quot;:{&quot;backgroundColor&quot;:&quot;#000000F2&quot;,&quot;closeColor&quot;:&quot;#FFFFFF&quot;},&quot;lightboxMode&quot;:{&quot;enable&quot;:false,&quot;text&quot;:&quot;open in LIGHTBOX&quot;,&quot;fontColor&quot;:&quot;#6C6C6C&quot;,&quot;hoverColor&quot;:&quot;#333333&quot;,&quot;fontFamily&quot;:&quot;Arial&quot;,&quot;fontSize&quot;:20},&quot;resetVideos&quot;:false,&quot;thumbs&quot;:{&quot;enable&quot;:true,&quot;position&quot;:&quot;bottom&quot;,&quot;outsideSlider&quot;:true,&quot;spaceAround&quot;:3,&quot;spaceBetween&quot;:3,&quot;background&quot;:&quot;#000000&quot;,&quot;thumbWidth&quot;:120,&quot;centered&quot;:false,&quot;thumbHeight&quot;:60},&quot;layerWidth&quot;:1920,&quot;layerHeight&quot;:960,&quot;shadow&quot;:&quot;effect5&quot;,&quot;parallax&quot;:0.5,&quot;fullscreenTablet&quot;:0,&quot;fullscreenMobile&quot;:0,&quot;widthMobile&quot;:688,&quot;widthTablet&quot;:688,&quot;heightMobile&quot;:378,&quot;heightTablet&quot;:378,&quot;responsiveMobile&quot;:true,&quot;responsiveTablet&quot;:true,&quot;lightboxModeMobile&quot;:{&quot;enable&quot;:false,&quot;text&quot;:&quot;open in LIGHTBOX&quot;,&quot;fontColor&quot;:&quot;#6C6C6C&quot;,&quot;hoverColor&quot;:&quot;#333333&quot;,&quot;fontFamily&quot;:&quot;Arial&quot;,&quot;fontSize&quot;:20},&quot;lightboxModeTablet&quot;:{&quot;enable&quot;:false,&quot;text&quot;:&quot;open in LIGHTBOX&quot;,&quot;fontColor&quot;:&quot;#6C6C6C&quot;,&quot;hoverColor&quot;:&quot;#333333&quot;,&quot;fontFamily&quot;:&quot;Arial&quot;,&quot;fontSize&quot;:20},&quot;mode&quot;:&quot;webgl&quot;,&quot;showSlidesRandomOrder&quot;:false,&quot;preloadFirstSlide&quot;:false,&quot;forceResponsive&quot;:false,&quot;layerStarOnTransitionStart&quot;:true,&quot;videoAutoplay&quot;:true,&quot;forceResponsiveMobile&quot;:false,&quot;forceResponsiveTablet&quot;:false,&quot;rootFolder&quot;:&quot;https:\\\/\\\/grupodunavich.com.ar\\\/wp-content\\\/plugins\\\/transition-slider-lite\\\/&quot;}\"><\/div>\n\n\n\n<p>.<\/p>\n\n\n\n<p>.<\/p>\n\n\n\n<p class=\"has-text-align-center\" style=\"font-size:23px;line-height:0.7\">Dise\u00f1o Gr\u00e1fico.<\/p>\n\n\n<div id=\"slider_69fb2dce56802\" class=\"slider_instance\" style=\"position: relative;\" data-options=\"{&quot;id&quot;:8,&quot;name&quot;:&quot;slider 66&quot;,&quot;instanceName&quot;:&quot;TEMPLATE - Vertical Thumbnails&quot;,&quot;date&quot;:&quot;2023-06-01 17:57:15&quot;,&quot;status&quot;:&quot;published&quot;,&quot;slides&quot;:[{&quot;src&quot;:&quot;http:\\\/\\\/grupodunavich.com.ar\\\/wp-content\\\/uploads\\\/2023\\\/06\\\/IMG_20230519_092544040-scaled.jpg&quot;,&quot;thumbSrc&quot;:&quot;http:\\\/\\\/grupodunavich.com.ar\\\/wp-content\\\/uploads\\\/2023\\\/06\\\/IMG_20230519_092544040-300x169.jpg&quot;,&quot;transitionEffect&quot;:&quot;slide&quot;,&quot;transitionDuration&quot;:1500,&quot;urlTarget&quot;:&quot;_self&quot;,&quot;direction&quot;:&quot;left&quot;},{&quot;src&quot;:&quot;http:\\\/\\\/grupodunavich.com.ar\\\/wp-content\\\/uploads\\\/2023\\\/06\\\/IMG_20230519_092223853-scaled.jpg&quot;,&quot;thumbSrc&quot;:&quot;http:\\\/\\\/grupodunavich.com.ar\\\/wp-content\\\/uploads\\\/2023\\\/06\\\/IMG_20230519_092223853-300x169.jpg&quot;,&quot;transitionEffect&quot;:&quot;slide&quot;,&quot;transitionDuration&quot;:1500,&quot;urlTarget&quot;:&quot;_self&quot;,&quot;direction&quot;:&quot;left&quot;},{&quot;src&quot;:&quot;http:\\\/\\\/grupodunavich.com.ar\\\/wp-content\\\/uploads\\\/2023\\\/06\\\/305084388_566831015233436_5676640102679609721_n.jpg&quot;,&quot;thumbSrc&quot;:&quot;http:\\\/\\\/grupodunavich.com.ar\\\/wp-content\\\/uploads\\\/2023\\\/06\\\/305084388_566831015233436_5676640102679609721_n-300x254.jpg&quot;,&quot;transitionEffect&quot;:&quot;slide&quot;,&quot;transitionDuration&quot;:1500,&quot;urlTarget&quot;:&quot;_self&quot;,&quot;direction&quot;:&quot;left&quot;},{&quot;src&quot;:&quot;http:\\\/\\\/grupodunavich.com.ar\\\/wp-content\\\/uploads\\\/2023\\\/06\\\/325615275_1146073662775600_7468605189732622233_n.jpg&quot;,&quot;thumbSrc&quot;:&quot;http:\\\/\\\/grupodunavich.com.ar\\\/wp-content\\\/uploads\\\/2023\\\/06\\\/325615275_1146073662775600_7468605189732622233_n-300x158.jpg&quot;,&quot;transitionEffect&quot;:&quot;slide&quot;,&quot;transitionDuration&quot;:1500,&quot;urlTarget&quot;:&quot;_self&quot;,&quot;direction&quot;:&quot;left&quot;},{&quot;src&quot;:&quot;http:\\\/\\\/grupodunavich.com.ar\\\/wp-content\\\/uploads\\\/2023\\\/06\\\/271749907_4867672739956071_8280858192298076426_n-1.jpg&quot;,&quot;thumbSrc&quot;:&quot;http:\\\/\\\/grupodunavich.com.ar\\\/wp-content\\\/uploads\\\/2023\\\/06\\\/271749907_4867672739956071_8280858192298076426_n-1-255x300.jpg&quot;,&quot;transitionEffect&quot;:&quot;slide&quot;,&quot;transitionDuration&quot;:1500,&quot;urlTarget&quot;:&quot;_self&quot;,&quot;direction&quot;:&quot;left&quot;},{&quot;src&quot;:&quot;http:\\\/\\\/grupodunavich.com.ar\\\/wp-content\\\/uploads\\\/2023\\\/06\\\/337846422_165821356331949_348603893186677000_n.jpg&quot;,&quot;thumbSrc&quot;:&quot;http:\\\/\\\/grupodunavich.com.ar\\\/wp-content\\\/uploads\\\/2023\\\/06\\\/337846422_165821356331949_348603893186677000_n-300x169.jpg&quot;,&quot;transitionEffect&quot;:&quot;slide&quot;,&quot;transitionDuration&quot;:1500,&quot;urlTarget&quot;:&quot;_self&quot;,&quot;direction&quot;:&quot;left&quot;},{&quot;src&quot;:&quot;http:\\\/\\\/grupodunavich.com.ar\\\/wp-content\\\/uploads\\\/2023\\\/06\\\/344877111_3448629882021688_3089047296005390864_n.jpg&quot;,&quot;thumbSrc&quot;:&quot;http:\\\/\\\/grupodunavich.com.ar\\\/wp-content\\\/uploads\\\/2023\\\/06\\\/344877111_3448629882021688_3089047296005390864_n-225x300.jpg&quot;,&quot;transitionEffect&quot;:&quot;slide&quot;,&quot;transitionDuration&quot;:1500,&quot;urlTarget&quot;:&quot;_self&quot;,&quot;direction&quot;:&quot;left&quot;}],&quot;initialSlide&quot;:0,&quot;hashNavigation&quot;:{&quot;enable&quot;:false},&quot;width&quot;:688,&quot;height&quot;:378,&quot;fullscreen&quot;:false,&quot;ratio&quot;:2,&quot;ratioTablet&quot;:2,&quot;ratioMobile&quot;:0.9,&quot;buttons&quot;:{&quot;pauseVisible&quot;:1,&quot;muteVisible&quot;:1,&quot;startVideoMuted&quot;:true},&quot;loading&quot;:{&quot;backgroundColor&quot;:&quot;#150924&quot;,&quot;textColor&quot;:&quot;#eeb952&quot;,&quot;fadeEffect&quot;:1,&quot;color&quot;:&quot;#FFFFFF&quot;,&quot;style&quot;:&quot;style4&quot;},&quot;autoplay&quot;:{&quot;enable&quot;:true,&quot;delay&quot;:3000,&quot;disableOnInteraction&quot;:true,&quot;reverseDirection&quot;:false,&quot;progress&quot;:true,&quot;pauseOnHover&quot;:true},&quot;responsive&quot;:true,&quot;navigation&quot;:{&quot;enable&quot;:true,&quot;style&quot;:&quot;effect1&quot;},&quot;pagination&quot;:{&quot;enable&quot;:true,&quot;style&quot;:&quot;effect6&quot;,&quot;clickable&quot;:true,&quot;dynamicBullets&quot;:false,&quot;backgroundColor&quot;:&quot;#E0E0E0&quot;,&quot;borderRadius&quot;:&quot;50px&quot;,&quot;boxShadow&quot;:&quot;0 1px 3px 1px rgba(60,64,67,0.149)&quot;,&quot;opacity&quot;:1,&quot;width&quot;:&quot;11px&quot;,&quot;height&quot;:&quot;11px&quot;,&quot;border&quot;:&quot;none&quot;,&quot;backgroundColorActive&quot;:&quot;#E0E0E070&quot;,&quot;borderRadiusActive&quot;:&quot;50px&quot;,&quot;boxShadowActive&quot;:&quot;0 1px 3px 1px rgba(60,64,67,0.149)&quot;,&quot;opacityActive&quot;:1,&quot;widthActive&quot;:&quot;11px&quot;,&quot;heightActive&quot;:&quot;11px&quot;,&quot;borderActive&quot;:&quot;none&quot;,&quot;backgroundColorHover&quot;:&quot;#E0E0E070&quot;,&quot;borderRadiusHover&quot;:&quot;50px&quot;,&quot;boxShadowHover&quot;:&quot;0 1px 3px 1px rgba(60,64,67,0.149)&quot;,&quot;opacityHover&quot;:1,&quot;widthHover&quot;:&quot;11px&quot;,&quot;heightHover&quot;:&quot;11px&quot;,&quot;borderHover&quot;:&quot;none&quot;},&quot;stopOnLastSlide&quot;:0,&quot;grabCursor&quot;:true,&quot;tabletSize&quot;:1024,&quot;mobileSize&quot;:768,&quot;keyboard&quot;:{&quot;enable&quot;:true},&quot;wheelNavigation&quot;:{&quot;enable&quot;:false,&quot;stopOnLast&quot;:false,&quot;interval&quot;:2000},&quot;lightbox&quot;:{&quot;backgroundColor&quot;:&quot;#000000F2&quot;,&quot;closeColor&quot;:&quot;#FFFFFF&quot;},&quot;lightboxMode&quot;:{&quot;enable&quot;:false,&quot;text&quot;:&quot;open in LIGHTBOX&quot;,&quot;fontColor&quot;:&quot;#6C6C6C&quot;,&quot;hoverColor&quot;:&quot;#333333&quot;,&quot;fontFamily&quot;:&quot;Arial&quot;,&quot;fontSize&quot;:20},&quot;resetVideos&quot;:false,&quot;thumbs&quot;:{&quot;enable&quot;:false,&quot;position&quot;:&quot;top&quot;,&quot;outsideSlider&quot;:false,&quot;spaceAround&quot;:10,&quot;spaceBetween&quot;:10,&quot;background&quot;:&quot;#000000&quot;,&quot;thumbWidth&quot;:&quot;42&quot;,&quot;thumbHeight&quot;:&quot;22&quot;,&quot;centered&quot;:true},&quot;layerWidth&quot;:1920,&quot;layerHeight&quot;:960,&quot;shadow&quot;:&quot;effect3&quot;,&quot;fullscreenTablet&quot;:0,&quot;fullscreenMobile&quot;:0,&quot;widthMobile&quot;:688,&quot;widthTablet&quot;:688,&quot;heightMobile&quot;:378,&quot;heightTablet&quot;:378,&quot;responsiveMobile&quot;:true,&quot;responsiveTablet&quot;:true,&quot;lightboxModeMobile&quot;:{&quot;enable&quot;:false,&quot;text&quot;:&quot;open in LIGHTBOX&quot;,&quot;fontColor&quot;:&quot;#6C6C6C&quot;,&quot;hoverColor&quot;:&quot;#333333&quot;,&quot;fontFamily&quot;:&quot;Arial&quot;,&quot;fontSize&quot;:20},&quot;lightboxModeTablet&quot;:{&quot;enable&quot;:false,&quot;text&quot;:&quot;open in LIGHTBOX&quot;,&quot;fontColor&quot;:&quot;#6C6C6C&quot;,&quot;hoverColor&quot;:&quot;#333333&quot;,&quot;fontFamily&quot;:&quot;Arial&quot;,&quot;fontSize&quot;:20},&quot;mode&quot;:&quot;webgl&quot;,&quot;showSlidesRandomOrder&quot;:false,&quot;preloadFirstSlide&quot;:false,&quot;forceResponsive&quot;:false,&quot;layerStarOnTransitionStart&quot;:false,&quot;videoAutoplay&quot;:true,&quot;forceResponsiveMobile&quot;:false,&quot;forceResponsiveTablet&quot;:false,&quot;rootFolder&quot;:&quot;https:\\\/\\\/grupodunavich.com.ar\\\/wp-content\\\/plugins\\\/transition-slider-lite\\\/&quot;}\"><\/div>\n","protected":false},"excerpt":{"rendered":"<p>Galer\u00eda de Im\u00e1genes de nuestros trabajos realizados. IMPRESIONES F\u00e1brica de Hielos . . Dise\u00f1o Gr\u00e1fico.<\/p>\n","protected":false},"author":1,"featured_media":0,"parent":0,"menu_order":0,"comment_status":"closed","ping_status":"closed","template":"","meta":{"_mi_skip_tracking":false,"footnotes":""},"aioseo_notices":[],"_links":{"self":[{"href":"https:\/\/grupodunavich.com.ar\/index.php?rest_route=\/wp\/v2\/pages\/715"}],"collection":[{"href":"https:\/\/grupodunavich.com.ar\/index.php?rest_route=\/wp\/v2\/pages"}],"about":[{"href":"https:\/\/grupodunavich.com.ar\/index.php?rest_route=\/wp\/v2\/types\/page"}],"author":[{"embeddable":true,"href":"https:\/\/grupodunavich.com.ar\/index.php?rest_route=\/wp\/v2\/users\/1"}],"replies":[{"embeddable":true,"href":"https:\/\/grupodunavich.com.ar\/index.php?rest_route=%2Fwp%2Fv2%2Fcomments&post=715"}],"version-history":[{"count":34,"href":"https:\/\/grupodunavich.com.ar\/index.php?rest_route=\/wp\/v2\/pages\/715\/revisions"}],"predecessor-version":[{"id":872,"href":"https:\/\/grupodunavich.com.ar\/index.php?rest_route=\/wp\/v2\/pages\/715\/revisions\/872"}],"wp:attachment":[{"href":"https:\/\/grupodunavich.com.ar\/index.php?rest_route=%2Fwp%2Fv2%2Fmedia&parent=715"}],"curies":[{"name":"wp","href":"https:\/\/api.w.org\/{rel}","templated":true}]}}