{"id":112,"date":"2023-03-06T22:30:57","date_gmt":"2023-03-06T22:30:57","guid":{"rendered":"https:\/\/grupodunavich.com.ar\/?page_id=112"},"modified":"2024-06-20T18:54:08","modified_gmt":"2024-06-20T18:54:08","slug":"quienes-somos","status":"publish","type":"page","link":"https:\/\/grupodunavich.com.ar\/?page_id=112","title":{"rendered":"Quienes Somos."},"content":{"rendered":"\n<div class=\"wp-block-group has-quinary-to-septenary-gradient-background has-background is-layout-constrained wp-block-group-is-layout-constrained\">\n<h4 class=\"wp-block-heading has-text-align-center has-primary-font-family has-heading-4-font-size\">Quienes Somos.<\/h4>\n\n\n\n<p class=\"has-zeever-third-color has-text-color\">Bienvenidos a nuestra empresa, l\u00edderes en la distribuci\u00f3n de agua potable perforada, venta de hielo rolito, m\u00e1quinas productoras de hielo, pantallas publicitarias de alta calidad, dise\u00f1o gr\u00e1fico e impresi\u00f3n, con m\u00e1s de 10 a\u00f1os en la zona, regi\u00f3n y pa\u00eds.<\/p>\n\n\n\n<p class=\"has-zeever-third-color has-text-color\">Desde nuestra fundaci\u00f3n, hemos trabajado para ofrecer a nuestros clientes los mejores productos y servicios en cada uno de nuestros rubros. Nos enorgullece decir que nuestra trayectoria en el mercado nos ha permitido consolidarnos como una empresa de calidad y confianza, comprometida con el bienestar de nuestros clientes y con el medio ambiente.<\/p>\n\n\n\n<p class=\"has-zeever-third-color has-text-color\">En la distribuci\u00f3n de agua potable perforada, contamos con un sistema de purificaci\u00f3n de \u00faltima tecnolog\u00eda que nos permite garantizar la calidad del agua que entregamos. Adem\u00e1s, nuestra flota de camiones est\u00e1 equipada con los m\u00e1s altos est\u00e1ndares de seguridad y calidad, para que la entrega de agua a domicilio sea siempre eficiente y puntual.<\/p>\n\n\n\n<p class=\"has-zeever-third-color has-text-color\">En la venta de hielo y m\u00e1quinas productoras de hielo rolito, ofrecemos una amplia variedad de productos de alta calidad y rendimiento, adaptados a las necesidades de nuestros clientes. Desde peque\u00f1as m\u00e1quinas para el hogar, hasta grandes generadoras de hielo para la industria hotelera o restaurantera, contamos con el equipo que necesitas.<\/p>\n\n\n\n<p class=\"has-zeever-third-color has-text-color\">En cuanto a nuestras pantallas publicitarias de alta calidad, ofrecemos una soluci\u00f3n integral para la publicidad digital en exteriores. Desde el dise\u00f1o gr\u00e1fico hasta la instalaci\u00f3n estrat\u00e9gica en la ciudad. Nos encargamos de cada detalle para que tu publicidad tenga la mayor visibilidad y efectividad posible.<\/p>\n\n\n\n<p class=\"has-zeever-third-color has-text-color\">Y por \u00faltimo, en dise\u00f1o gr\u00e1fico e impresi\u00f3n, nuestro equipo de expertos en dise\u00f1o y producci\u00f3n gr\u00e1fica se encargar\u00e1 de llevar a cabo tus proyectos con la mejor calidad y en el menor tiempo posible. Desde la impresi\u00f3n de peque\u00f1os flyers hasta la elaboraci\u00f3n de gigantograf\u00edas para exteriores, nuestros servicios est\u00e1n pensados para cubrir todas tus necesidades.<\/p>\n\n\n\n<p class=\"has-zeever-third-color has-text-color\">En resumen, somos una empresa comprometida con la calidad y el servicio, siempre dispuestos a ofrecer soluciones integrales a nuestros clientes en cada uno de nuestros rubros. \u00a1Cont\u00e1ctanos y descubre todo lo que podemos hacer por ti!<\/p>\n<\/div>\n\n\n<ul class=\"sticky-buttons -right-center -circle -medium -space\" id=\"sticky-buttons-1\"><li><a href=\"https:\/\/grupodunavich.com.ar\/\" ><span class=\"sb-icon fas fa-hand-point-up\"><\/span><span class=\"sb-label\">Inicio<\/span><\/a><\/li><li><a href=\"https:\/\/grupodunavich.com.ar\/?page_id=112\" ><span class=\"sb-icon fas fa-address-card\"><\/span><span class=\"sb-label\">Quienes somos<\/span><\/a><\/li><li><a href=\"https:\/\/grupodunavich.com.ar\/?page_id=232\" ><span class=\"sb-icon fas fa-dice-d20\"><\/span><span class=\"sb-label\">Aborigen - Agua, Hielo.<\/span><\/a><\/li><li><a href=\"https:\/\/grupodunavich.com.ar\/?page_id=895\" ><span class=\"sb-icon fas fa-dice-d6\"><\/span><span class=\"sb-label\">Productora de Hielo<\/span><\/a><\/li><li><a href=\"https:\/\/grupodunavich.com.ar\/?page_id=331\" ><span class=\"sb-icon fab fa-deskpro\"><\/span><span class=\"sb-label\">Darx - Impresi\u00f3n y Dise\u00f1o<\/span><\/a><\/li><li><a href=\"https:\/\/grupodunavich.com.ar\/?page_id=342\" ><span class=\"sb-icon fas fa-tv\"><\/span><span class=\"sb-label\">GD - Pantalla Publicitaria<\/span><\/a><\/li><\/ul>\n\n\n\n<div class=\"wp-block-group is-layout-constrained wp-block-group-is-layout-constrained\"><\/div>\n","protected":false},"excerpt":{"rendered":"<p>Quienes Somos. Bienvenidos a nuestra empresa, l\u00edderes en la distribuci\u00f3n de agua potable perforada, venta de hielo rolito, m\u00e1quinas productoras de hielo, pantallas publicitarias de alta calidad, dise\u00f1o gr\u00e1fico e impresi\u00f3n, con m\u00e1s de 10 a\u00f1os en la zona, regi\u00f3n y pa\u00eds. Desde nuestra fundaci\u00f3n, hemos trabajado para ofrecer a nuestros clientes los mejores productos y servicios en cada uno de nuestros rubros. Nos enorgullece decir que nuestra trayectoria en el mercado nos ha permitido consolidarnos como una empresa de calidad y confianza, comprometida con el bienestar de nuestros clientes y con el medio ambiente. En la distribuci\u00f3n de agua<\/p>\n","protected":false},"author":1,"featured_media":0,"parent":0,"menu_order":0,"comment_status":"closed","ping_status":"closed","template":"","meta":{"_mi_skip_tracking":false,"footnotes":""},"aioseo_notices":[],"_links":{"self":[{"href":"https:\/\/grupodunavich.com.ar\/index.php?rest_route=\/wp\/v2\/pages\/112"}],"collection":[{"href":"https:\/\/grupodunavich.com.ar\/index.php?rest_route=\/wp\/v2\/pages"}],"about":[{"href":"https:\/\/grupodunavich.com.ar\/index.php?rest_route=\/wp\/v2\/types\/page"}],"author":[{"embeddable":true,"href":"https:\/\/grupodunavich.com.ar\/index.php?rest_route=\/wp\/v2\/users\/1"}],"replies":[{"embeddable":true,"href":"https:\/\/grupodunavich.com.ar\/index.php?rest_route=%2Fwp%2Fv2%2Fcomments&post=112"}],"version-history":[{"count":19,"href":"https:\/\/grupodunavich.com.ar\/index.php?rest_route=\/wp\/v2\/pages\/112\/revisions"}],"predecessor-version":[{"id":867,"href":"https:\/\/grupodunavich.com.ar\/index.php?rest_route=\/wp\/v2\/pages\/112\/revisions\/867"}],"wp:attachment":[{"href":"https:\/\/grupodunavich.com.ar\/index.php?rest_route=%2Fwp%2Fv2%2Fmedia&parent=112"}],"curies":[{"name":"wp","href":"https:\/\/api.w.org\/{rel}","templated":true}]}}